{"id":799,"date":"2020-06-17T13:31:42","date_gmt":"2020-06-17T12:31:42","guid":{"rendered":"http:\/\/skmservices.ch\/politique-de-cookie\/"},"modified":"2020-06-17T21:24:16","modified_gmt":"2020-06-17T20:24:16","slug":"politique-de-cookie","status":"publish","type":"page","link":"https:\/\/skmservices.ch\/de\/politique-de-cookie\/","title":{"rendered":"Politique de cookie"},"content":{"rendered":"<p>&nbsp;<\/p>\n<p>Die Website verwendet \"Cookies\", um Ihnen bei der Personalisierung Ihrer Online-Erfahrung zu helfen. Ein Cookie ist eine Textdatei, die von einem Webpage-Server auf Ihrer Festplatte abgelegt wird. Cookies k\u00f6nnen nicht dazu verwendet werden, Programme auszuf\u00fchren oder Viren auf Ihren Computer zu \u00fcbertragen. Cookies werden Ihnen eindeutig zugeordnet und k\u00f6nnen nur von einem Webserver in der Dom\u00e4ne gelesen werden, die das Cookie an Sie gesendet hat.<\/p>\n<p>Wir k\u00f6nnen Cookies verwenden, um Informationen f\u00fcr statistische Zwecke zum Betrieb unserer Website und Dienstleistungen zu sammeln, zu speichern und zu verfolgen. Sie haben die M\u00f6glichkeit, Cookies zu akzeptieren oder abzulehnen. Die meisten Webbrowser akzeptieren Cookies automatisch, aber Sie k\u00f6nnen Ihre Browsereinstellung in der Regel so \u00e4ndern, dass Cookies abgelehnt werden, wenn Sie dies bevorzugen. Um mehr \u00fcber Cookies und ihre Verwaltung zu erfahren, besuchen Sie Internettcookies.org.<\/p>","protected":false},"excerpt":{"rendered":"<p>&nbsp; Le site web utilise des \u00ab\u00a0cookies\u00a0\u00bb pour vous aider \u00e0 personnaliser votre&hellip;<\/p>","protected":false},"author":2,"featured_media":0,"parent":0,"menu_order":0,"comment_status":"closed","ping_status":"closed","template":"","meta":{"footnotes":""},"class_list":["post-799","page","type-page","status-publish","hentry","no-thumb"],"yoast_head":"<!-- This site is optimized with the Yoast SEO plugin v18.4.1 - https:\/\/yoast.com\/wordpress\/plugins\/seo\/ -->\n<title>Politique de cookie - SK MULTISERVICES<\/title>\n<meta name=\"robots\" content=\"index, nofollow, max-snippet:-1, max-image-preview:large, max-video-preview:-1\" \/>\n<link rel=\"canonical\" href=\"https:\/\/skmservices.ch\/de\/politique-de-cookie\/\" \/>\n<meta property=\"og:locale\" content=\"de_DE\" \/>\n<meta property=\"og:type\" content=\"article\" \/>\n<meta property=\"og:title\" content=\"Politique de cookie - SK MULTISERVICES\" \/>\n<meta property=\"og:description\" content=\"&nbsp; Le site web utilise des \u00ab\u00a0cookies\u00a0\u00bb pour vous aider \u00e0 personnaliser votre&hellip;\" \/>\n<meta property=\"og:url\" content=\"https:\/\/skmservices.ch\/de\/politique-de-cookie\/\" \/>\n<meta property=\"og:site_name\" content=\"SK MULTISERVICES\" \/>\n<meta property=\"article:modified_time\" content=\"2020-06-17T20:24:16+00:00\" \/>\n<meta name=\"twitter:label1\" content=\"Est. reading time\" \/>\n\t<meta name=\"twitter:data1\" content=\"1\u00a0Minute\" \/>\n<script type=\"application\/ld+json\" class=\"yoast-schema-graph\">{\"@context\":\"https:\/\/schema.org\",\"@graph\":[{\"@type\":\"WebSite\",\"@id\":\"https:\/\/skmservices.ch\/#website\",\"url\":\"https:\/\/skmservices.ch\/\",\"name\":\"SK MULTISERVICES\",\"description\":\"LE SAVOIR FAIRE C&#039;EST NOTRE METIER\",\"potentialAction\":[{\"@type\":\"SearchAction\",\"target\":{\"@type\":\"EntryPoint\",\"urlTemplate\":\"https:\/\/skmservices.ch\/?s={search_term_string}\"},\"query-input\":\"required name=search_term_string\"}],\"inLanguage\":\"de-CH\"},{\"@type\":\"WebPage\",\"@id\":\"https:\/\/skmservices.ch\/politique-de-cookie\/#webpage\",\"url\":\"https:\/\/skmservices.ch\/politique-de-cookie\/\",\"name\":\"Politique de cookie - SK MULTISERVICES\",\"isPartOf\":{\"@id\":\"https:\/\/skmservices.ch\/#website\"},\"datePublished\":\"2020-06-17T12:31:42+00:00\",\"dateModified\":\"2020-06-17T20:24:16+00:00\",\"breadcrumb\":{\"@id\":\"https:\/\/skmservices.ch\/politique-de-cookie\/#breadcrumb\"},\"inLanguage\":\"de-CH\",\"potentialAction\":[{\"@type\":\"ReadAction\",\"target\":[\"https:\/\/skmservices.ch\/politique-de-cookie\/\"]}]},{\"@type\":\"BreadcrumbList\",\"@id\":\"https:\/\/skmservices.ch\/politique-de-cookie\/#breadcrumb\",\"itemListElement\":[{\"@type\":\"ListItem\",\"position\":1,\"name\":\"Accueil\",\"item\":\"https:\/\/skmservices.ch\/\"},{\"@type\":\"ListItem\",\"position\":2,\"name\":\"Politique de cookie\"}]}]}<\/script>\n<!-- \/ Yoast SEO plugin. -->","yoast_head_json":{"title":"Politique de cookie - SK MULTISERVICES","robots":{"index":"index","follow":"nofollow","max-snippet":"max-snippet:-1","max-image-preview":"max-image-preview:large","max-video-preview":"max-video-preview:-1"},"canonical":"https:\/\/skmservices.ch\/de\/politique-de-cookie\/","og_locale":"de_DE","og_type":"article","og_title":"Politique de cookie - SK MULTISERVICES","og_description":"&nbsp; Le site web utilise des \u00ab\u00a0cookies\u00a0\u00bb pour vous aider \u00e0 personnaliser votre&hellip;","og_url":"https:\/\/skmservices.ch\/de\/politique-de-cookie\/","og_site_name":"SK MULTISERVICES","article_modified_time":"2020-06-17T20:24:16+00:00","twitter_misc":{"Est. reading time":"1\u00a0Minute"},"schema":{"@context":"https:\/\/schema.org","@graph":[{"@type":"WebSite","@id":"https:\/\/skmservices.ch\/#website","url":"https:\/\/skmservices.ch\/","name":"SK MULTISERVICES","description":"LE SAVOIR FAIRE C&#039;EST NOTRE METIER","potentialAction":[{"@type":"SearchAction","target":{"@type":"EntryPoint","urlTemplate":"https:\/\/skmservices.ch\/?s={search_term_string}"},"query-input":"required name=search_term_string"}],"inLanguage":"de-CH"},{"@type":"WebPage","@id":"https:\/\/skmservices.ch\/politique-de-cookie\/#webpage","url":"https:\/\/skmservices.ch\/politique-de-cookie\/","name":"Politique de cookie - SK MULTISERVICES","isPartOf":{"@id":"https:\/\/skmservices.ch\/#website"},"datePublished":"2020-06-17T12:31:42+00:00","dateModified":"2020-06-17T20:24:16+00:00","breadcrumb":{"@id":"https:\/\/skmservices.ch\/politique-de-cookie\/#breadcrumb"},"inLanguage":"de-CH","potentialAction":[{"@type":"ReadAction","target":["https:\/\/skmservices.ch\/politique-de-cookie\/"]}]},{"@type":"BreadcrumbList","@id":"https:\/\/skmservices.ch\/politique-de-cookie\/#breadcrumb","itemListElement":[{"@type":"ListItem","position":1,"name":"Accueil","item":"https:\/\/skmservices.ch\/"},{"@type":"ListItem","position":2,"name":"Politique de cookie"}]}]}},"jetpack_sharing_enabled":true,"_links":{"self":[{"href":"https:\/\/skmservices.ch\/de\/wp-json\/wp\/v2\/pages\/799","targetHints":{"allow":["GET"]}}],"collection":[{"href":"https:\/\/skmservices.ch\/de\/wp-json\/wp\/v2\/pages"}],"about":[{"href":"https:\/\/skmservices.ch\/de\/wp-json\/wp\/v2\/types\/page"}],"author":[{"embeddable":true,"href":"https:\/\/skmservices.ch\/de\/wp-json\/wp\/v2\/users\/2"}],"replies":[{"embeddable":true,"href":"https:\/\/skmservices.ch\/de\/wp-json\/wp\/v2\/comments?post=799"}],"version-history":[{"count":1,"href":"https:\/\/skmservices.ch\/de\/wp-json\/wp\/v2\/pages\/799\/revisions"}],"predecessor-version":[{"id":800,"href":"https:\/\/skmservices.ch\/de\/wp-json\/wp\/v2\/pages\/799\/revisions\/800"}],"wp:attachment":[{"href":"https:\/\/skmservices.ch\/de\/wp-json\/wp\/v2\/media?parent=799"}],"curies":[{"name":"wp","href":"https:\/\/api.w.org\/{rel}","templated":true}]}}