{"id":810,"date":"2020-06-17T17:39:45","date_gmt":"2020-06-17T16:39:45","guid":{"rendered":"http:\/\/skmservices.ch\/?page_id=810"},"modified":"2020-06-17T17:42:58","modified_gmt":"2020-06-17T16:42:58","slug":"conditions-generales","status":"publish","type":"page","link":"https:\/\/skmservices.ch\/de\/conditions-generales\/","title":{"rendered":"Allgemeine Gesch\u00e4ftsbedingungen"},"content":{"rendered":"<p><span style=\"color: #000000;\">Diese Bedingungen (\"Bedingungen\", \"Vereinbarung\") stellen eine Vereinbarung zwischen dem Website-Betreiber (\"Website-Betreiber\", \"wir\", \"uns\", \"unser\" oder \"unser\") und Ihnen (\"Benutzer\", \"Sie\" oder \"Ihr\") dar. Diese Vereinbarung legt die Bedingungen f\u00fcr die Nutzung der Website skmservices.ch und aller ihrer Produkte oder Dienstleistungen (zusammen die \"Website\" oder \"Dienstleistungen\") fest.<\/span><\/p>\n<p><strong><span style=\"color: #000000;\">Links zu anderen Websites<\/span><\/strong><\/p>\n<p><span style=\"color: #000000;\">Obwohl diese Website mit anderen Websites verlinkt sein kann, implizieren wir weder direkt noch indirekt eine Bef\u00fcrwortung, Assoziierung, F\u00f6rderung, Genehmigung oder Zugeh\u00f6rigkeit zu einer verlinkten Website, es sei denn, dies wird hier ausdr\u00fccklich angegeben. Wir sind nicht f\u00fcr die \u00dcberpr\u00fcfung oder Bewertung verantwortlich und garantieren weder f\u00fcr die Angebote von Unternehmen oder Einzelpersonen noch f\u00fcr den Inhalt ihrer Websites. Wir \u00fcbernehmen keine Haftung f\u00fcr die Handlungen, Produkte, Dienstleistungen und Inhalte Dritter. Sie sollten die rechtlichen Erkl\u00e4rungen und sonstigen Nutzungsbedingungen jeder Website, auf die Sie \u00fcber einen Link von dieser Website aus zugreifen, sorgf\u00e4ltig pr\u00fcfen. Die Verlinkung zu einer anderen Off-Site-Website erfolgt auf Ihr eigenes Risiko.<\/span><\/p>\n<p><strong><span style=\"color: #000000;\">Geistige Eigentumsrechte<\/span><\/strong><\/p>\n<p><span style=\"color: #000000;\">\"Geistige Eigentumsrechte\": alle gegenw\u00e4rtigen und zuk\u00fcnftigen Rechte, die durch Gesetz oder Billigkeitsrecht in Bezug auf das Urheberrecht und verwandte Rechte, Warenzeichen, Geschmacksmuster, Patente, Erfindungen, Goodwill und das Recht, auf Ersatz zu klagen, Rechte an Erfindungen, Nutzungsrechte und alle anderen Rechte an geistigem Eigentum \u00fcbertragen werden, in jedem Fall, unabh\u00e4ngig davon, ob sie eingetragen sind oder nicht, und einschlie\u00dflich aller Anmeldungen und aller Rechte zur Beantragung und Gew\u00e4hrung, der Rechte zur Inanspruchnahme der Priorit\u00e4t dieser Rechte und aller \u00e4hnlichen oder gleichwertigen Rechte oder Schutzformen und aller anderen Ergebnisse geistiger T\u00e4tigkeit, die jetzt oder in Zukunft in irgendeinem Teil der Welt existieren oder existieren werden. Diese Vereinbarung \u00fcbertr\u00e4gt Ihnen kein geistiges Eigentum des Website-Betreibers oder Dritter, und alle Rechte, Titel und Anteile an solchem Eigentum bleiben (zwischen den Parteien) das ausschlie\u00dfliche Eigentum des Website-Betreibers. Alle Marken, Dienstleistungsmarken, Grafiken und Logos, die in Verbindung mit der Website oder den Dienstleistungen verwendet werden, sind Marken oder eingetragene Marken des Website-Betreibers oder der Lizenzgeber des Website-Betreibers. Andere Marken, Dienstleistungsmarken, Grafiken und Logos, die in Verbindung mit der Website oder den Dienstleistungen verwendet werden, k\u00f6nnen Marken anderer Dritter sein. Durch Ihre Nutzung der Website und der Dienste erhalten Sie kein Recht oder keine Lizenz zur Reproduktion oder Nutzung von Marken des Website-Betreibers oder Dritter.<\/span><\/p>\n<p><strong><span style=\"color: #000000;\">\u00c4nderungen und Erg\u00e4nzungen<\/span><\/strong><\/p>\n<p><span style=\"color: #000000;\">Wir behalten uns das Recht vor, diese Vereinbarung oder ihre Richtlinien in Bezug auf die Website oder die Dienstleistungen jederzeit zu \u00e4ndern, was mit der Ver\u00f6ffentlichung einer aktualisierten Version dieser Vereinbarung auf der Website wirksam wird. Wenn wir dies tun, werden wir einen Hinweis auf der Hauptseite unserer Website ver\u00f6ffentlichen. Ihre fortgesetzte Nutzung der Website nach solchen \u00c4nderungen stellt Ihre Zustimmung zu diesen \u00c4nderungen dar.<\/span><\/p>\n<p><strong><span style=\"color: #000000;\">Annahme dieser Bedingungen<\/span><\/strong><\/p>\n<p><span style=\"color: #000000;\">Sie best\u00e4tigen, dass Sie diese Vereinbarung gelesen haben und mit allen Bedingungen und Konditionen einverstanden sind. Durch die Nutzung der Website oder ihrer Dienste stimmen Sie zu, an diese Vereinbarung gebunden zu sein. Wenn Sie nicht damit einverstanden sind, sich an die Bestimmungen und Bedingungen dieser Vereinbarung zu halten, sind Sie nicht berechtigt, die Website und ihre Dienstleistungen zu nutzen oder auf sie zuzugreifen.<\/span><\/p>\n<p><strong><span style=\"color: #000000;\">So kontaktieren Sie uns<\/span><\/strong><\/p>\n<p><span style=\"color: #000000;\">Wenn Sie sich mit uns in Verbindung setzen m\u00f6chten, um mehr \u00fcber dieses Abkommen zu erfahren oder um Fragen dazu zu stellen, k\u00f6nnen Sie dies \u00fcber das Kontaktformular tun.<\/span><\/p>\n<p>&nbsp;<\/p>\n<p><span style=\"color: #000000;\">Dieses Dokument wurde zuletzt am 17. Juni 2020 aktualisiert.<\/span><\/p>","protected":false},"excerpt":{"rendered":"<p>Les pr\u00e9sentes conditions g\u00e9n\u00e9rales (\u00ab\u00a0Conditions\u00a0\u00bb, \u00ab\u00a0Accord\u00a0\u00bb) constituent un accord entre l&rsquo;op\u00e9rateur du site&hellip;<\/p>","protected":false},"author":2,"featured_media":0,"parent":0,"menu_order":0,"comment_status":"closed","ping_status":"closed","template":"","meta":{"footnotes":""},"class_list":["post-810","page","type-page","status-publish","hentry","no-thumb"],"yoast_head":"<!-- This site is optimized with the Yoast SEO plugin v18.4.1 - https:\/\/yoast.com\/wordpress\/plugins\/seo\/ -->\n<title>Conditions g\u00e9n\u00e9rales - SK MULTISERVICES<\/title>\n<meta name=\"robots\" content=\"index, follow, max-snippet:-1, max-image-preview:large, max-video-preview:-1\" \/>\n<link rel=\"canonical\" href=\"https:\/\/skmservices.ch\/de\/conditions-generales\/\" \/>\n<meta property=\"og:locale\" content=\"de_DE\" \/>\n<meta property=\"og:type\" content=\"article\" \/>\n<meta property=\"og:title\" content=\"Conditions g\u00e9n\u00e9rales - SK MULTISERVICES\" \/>\n<meta property=\"og:description\" content=\"Les pr\u00e9sentes conditions g\u00e9n\u00e9rales (\u00ab\u00a0Conditions\u00a0\u00bb, \u00ab\u00a0Accord\u00a0\u00bb) constituent un accord entre l&rsquo;op\u00e9rateur du site&hellip;\" \/>\n<meta property=\"og:url\" content=\"https:\/\/skmservices.ch\/de\/conditions-generales\/\" \/>\n<meta property=\"og:site_name\" content=\"SK MULTISERVICES\" \/>\n<meta property=\"article:modified_time\" content=\"2020-06-17T16:42:58+00:00\" \/>\n<meta name=\"twitter:label1\" content=\"Est. reading time\" \/>\n\t<meta name=\"twitter:data1\" content=\"3\u00a0Minuten\" \/>\n<script type=\"application\/ld+json\" class=\"yoast-schema-graph\">{\"@context\":\"https:\/\/schema.org\",\"@graph\":[{\"@type\":\"WebSite\",\"@id\":\"https:\/\/skmservices.ch\/#website\",\"url\":\"https:\/\/skmservices.ch\/\",\"name\":\"SK MULTISERVICES\",\"description\":\"LE SAVOIR FAIRE C&#039;EST NOTRE METIER\",\"potentialAction\":[{\"@type\":\"SearchAction\",\"target\":{\"@type\":\"EntryPoint\",\"urlTemplate\":\"https:\/\/skmservices.ch\/?s={search_term_string}\"},\"query-input\":\"required name=search_term_string\"}],\"inLanguage\":\"de-CH\"},{\"@type\":\"WebPage\",\"@id\":\"https:\/\/skmservices.ch\/conditions-generales\/#webpage\",\"url\":\"https:\/\/skmservices.ch\/conditions-generales\/\",\"name\":\"Conditions g\u00e9n\u00e9rales - SK MULTISERVICES\",\"isPartOf\":{\"@id\":\"https:\/\/skmservices.ch\/#website\"},\"datePublished\":\"2020-06-17T16:39:45+00:00\",\"dateModified\":\"2020-06-17T16:42:58+00:00\",\"breadcrumb\":{\"@id\":\"https:\/\/skmservices.ch\/conditions-generales\/#breadcrumb\"},\"inLanguage\":\"de-CH\",\"potentialAction\":[{\"@type\":\"ReadAction\",\"target\":[\"https:\/\/skmservices.ch\/conditions-generales\/\"]}]},{\"@type\":\"BreadcrumbList\",\"@id\":\"https:\/\/skmservices.ch\/conditions-generales\/#breadcrumb\",\"itemListElement\":[{\"@type\":\"ListItem\",\"position\":1,\"name\":\"Accueil\",\"item\":\"https:\/\/skmservices.ch\/\"},{\"@type\":\"ListItem\",\"position\":2,\"name\":\"Conditions g\u00e9n\u00e9rales\"}]}]}<\/script>\n<!-- \/ Yoast SEO plugin. -->","yoast_head_json":{"title":"Conditions g\u00e9n\u00e9rales - SK MULTISERVICES","robots":{"index":"index","follow":"follow","max-snippet":"max-snippet:-1","max-image-preview":"max-image-preview:large","max-video-preview":"max-video-preview:-1"},"canonical":"https:\/\/skmservices.ch\/de\/conditions-generales\/","og_locale":"de_DE","og_type":"article","og_title":"Conditions g\u00e9n\u00e9rales - SK MULTISERVICES","og_description":"Les pr\u00e9sentes conditions g\u00e9n\u00e9rales (\u00ab\u00a0Conditions\u00a0\u00bb, \u00ab\u00a0Accord\u00a0\u00bb) constituent un accord entre l&rsquo;op\u00e9rateur du site&hellip;","og_url":"https:\/\/skmservices.ch\/de\/conditions-generales\/","og_site_name":"SK MULTISERVICES","article_modified_time":"2020-06-17T16:42:58+00:00","twitter_misc":{"Est. reading time":"3\u00a0Minuten"},"schema":{"@context":"https:\/\/schema.org","@graph":[{"@type":"WebSite","@id":"https:\/\/skmservices.ch\/#website","url":"https:\/\/skmservices.ch\/","name":"SK MULTISERVICES","description":"LE SAVOIR FAIRE C&#039;EST NOTRE METIER","potentialAction":[{"@type":"SearchAction","target":{"@type":"EntryPoint","urlTemplate":"https:\/\/skmservices.ch\/?s={search_term_string}"},"query-input":"required name=search_term_string"}],"inLanguage":"de-CH"},{"@type":"WebPage","@id":"https:\/\/skmservices.ch\/conditions-generales\/#webpage","url":"https:\/\/skmservices.ch\/conditions-generales\/","name":"Conditions g\u00e9n\u00e9rales - SK MULTISERVICES","isPartOf":{"@id":"https:\/\/skmservices.ch\/#website"},"datePublished":"2020-06-17T16:39:45+00:00","dateModified":"2020-06-17T16:42:58+00:00","breadcrumb":{"@id":"https:\/\/skmservices.ch\/conditions-generales\/#breadcrumb"},"inLanguage":"de-CH","potentialAction":[{"@type":"ReadAction","target":["https:\/\/skmservices.ch\/conditions-generales\/"]}]},{"@type":"BreadcrumbList","@id":"https:\/\/skmservices.ch\/conditions-generales\/#breadcrumb","itemListElement":[{"@type":"ListItem","position":1,"name":"Accueil","item":"https:\/\/skmservices.ch\/"},{"@type":"ListItem","position":2,"name":"Conditions g\u00e9n\u00e9rales"}]}]}},"jetpack_sharing_enabled":true,"_links":{"self":[{"href":"https:\/\/skmservices.ch\/de\/wp-json\/wp\/v2\/pages\/810","targetHints":{"allow":["GET"]}}],"collection":[{"href":"https:\/\/skmservices.ch\/de\/wp-json\/wp\/v2\/pages"}],"about":[{"href":"https:\/\/skmservices.ch\/de\/wp-json\/wp\/v2\/types\/page"}],"author":[{"embeddable":true,"href":"https:\/\/skmservices.ch\/de\/wp-json\/wp\/v2\/users\/2"}],"replies":[{"embeddable":true,"href":"https:\/\/skmservices.ch\/de\/wp-json\/wp\/v2\/comments?post=810"}],"version-history":[{"count":1,"href":"https:\/\/skmservices.ch\/de\/wp-json\/wp\/v2\/pages\/810\/revisions"}],"predecessor-version":[{"id":811,"href":"https:\/\/skmservices.ch\/de\/wp-json\/wp\/v2\/pages\/810\/revisions\/811"}],"wp:attachment":[{"href":"https:\/\/skmservices.ch\/de\/wp-json\/wp\/v2\/media?parent=810"}],"curies":[{"name":"wp","href":"https:\/\/api.w.org\/{rel}","templated":true}]}}